{"id":10,"date":"2014-02-17T19:07:39","date_gmt":"2014-02-17T18:07:39","guid":{"rendered":"http:\/\/hotelangelino.it\/new\/?page_id=10"},"modified":"2017-01-25T15:44:50","modified_gmt":"2017-01-25T14:44:50","slug":"servizi","status":"publish","type":"page","link":"https:\/\/hotelangelino.it\/fr\/servizi\/","title":{"rendered":"Services"},"content":{"rendered":"<p><\/p>\n<p><\/p>\n<p><\/p>\n<p><\/p>\n<h2>L\u2019H\u00f4tel Angelino met \u00e0 la disposition de ses clients et \u00e0 quelques pas, une piscine d\u2019eau thermale ainsi qu\u2019un sauna naturel.<\/h2>\n<h2>En outre, les transats et les parasols autour de la piscine sont inclus dans le prix.<\/h2>\n<div class=\"items-grid\"><div class=\"column gallery-item threecol \">\r\n\t<div class=\"featured-image\">\r\n\t\t<a href=\"https:\/\/hotelangelino.it\/new\/wp-content\/uploads\/2014\/02\/lapiscina.jpg\" class=\"colorbox \" data-group=\"gallery-91\" title=\"\">\r\n\t\t\t<img loading=\"lazy\" decoding=\"async\" width=\"440\" height=\"330\" src=\"https:\/\/hotelangelino.it\/new\/wp-content\/uploads\/2014\/02\/lapiscina-440x330.jpg\" class=\"attachment-preview size-preview wp-post-image\" alt=\"\" srcset=\"https:\/\/hotelangelino.it\/new\/wp-content\/uploads\/2014\/02\/lapiscina-440x330.jpg 440w, https:\/\/hotelangelino.it\/new\/wp-content\/uploads\/2014\/02\/lapiscina-300x225.jpg 300w, https:\/\/hotelangelino.it\/new\/wp-content\/uploads\/2014\/02\/lapiscina-600x450.jpg 600w, https:\/\/hotelangelino.it\/new\/wp-content\/uploads\/2014\/02\/lapiscina-768x576.jpg 768w, https:\/\/hotelangelino.it\/new\/wp-content\/uploads\/2014\/02\/lapiscina.jpg 960w\" sizes=\"auto, (max-width: 440px) 100vw, 440px\" \/>\t\t<\/a>\r\n\t\t<a class=\"featured-image-caption hidden-caption\" href=\"#\">\r\n\t\t\t<h6>La piscina<\/h6>\r\n\t\t<\/a>\t\t\t\r\n\t<\/div>\r\n\t<div class=\"hidden\">\t\t\t\t\t\r\n\t\t\t<\/div>\r\n\t<div class=\"block-background\"><\/div>\r\n<\/div><div class=\"column gallery-item threecol \">\r\n\t<div class=\"featured-image\">\r\n\t\t<a href=\"https:\/\/hotelangelino.it\/new\/wp-content\/uploads\/2014\/02\/lapiscina2.jpg\" class=\"colorbox \" data-group=\"gallery-90\" title=\"\">\r\n\t\t\t<img loading=\"lazy\" decoding=\"async\" width=\"440\" height=\"330\" src=\"https:\/\/hotelangelino.it\/new\/wp-content\/uploads\/2014\/02\/lapiscina2-440x330.jpg\" class=\"attachment-preview size-preview wp-post-image\" alt=\"\" srcset=\"https:\/\/hotelangelino.it\/new\/wp-content\/uploads\/2014\/02\/lapiscina2-440x330.jpg 440w, https:\/\/hotelangelino.it\/new\/wp-content\/uploads\/2014\/02\/lapiscina2-300x225.jpg 300w, https:\/\/hotelangelino.it\/new\/wp-content\/uploads\/2014\/02\/lapiscina2-600x450.jpg 600w, https:\/\/hotelangelino.it\/new\/wp-content\/uploads\/2014\/02\/lapiscina2-768x576.jpg 768w, https:\/\/hotelangelino.it\/new\/wp-content\/uploads\/2014\/02\/lapiscina2.jpg 960w\" sizes=\"auto, (max-width: 440px) 100vw, 440px\" \/>\t\t<\/a>\r\n\t\t<a class=\"featured-image-caption hidden-caption\" href=\"#\">\r\n\t\t\t<h6>A filo d&rsquo;acqua<\/h6>\r\n\t\t<\/a>\t\t\t\r\n\t<\/div>\r\n\t<div class=\"hidden\">\t\t\t\t\t\r\n\t\t\t<\/div>\r\n\t<div class=\"block-background\"><\/div>\r\n<\/div><div class=\"column gallery-item threecol \">\r\n\t<div class=\"featured-image\">\r\n\t\t<a href=\"https:\/\/hotelangelino.it\/new\/wp-content\/uploads\/2014\/02\/lapiscina3.jpg\" class=\"colorbox \" data-group=\"gallery-89\" title=\"\">\r\n\t\t\t<img loading=\"lazy\" decoding=\"async\" width=\"440\" height=\"330\" src=\"https:\/\/hotelangelino.it\/new\/wp-content\/uploads\/2014\/02\/lapiscina3-440x330.jpg\" class=\"attachment-preview size-preview wp-post-image\" alt=\"\" srcset=\"https:\/\/hotelangelino.it\/new\/wp-content\/uploads\/2014\/02\/lapiscina3-440x330.jpg 440w, https:\/\/hotelangelino.it\/new\/wp-content\/uploads\/2014\/02\/lapiscina3-300x225.jpg 300w, https:\/\/hotelangelino.it\/new\/wp-content\/uploads\/2014\/02\/lapiscina3-600x450.jpg 600w, https:\/\/hotelangelino.it\/new\/wp-content\/uploads\/2014\/02\/lapiscina3-768x576.jpg 768w, https:\/\/hotelangelino.it\/new\/wp-content\/uploads\/2014\/02\/lapiscina3.jpg 800w\" sizes=\"auto, (max-width: 440px) 100vw, 440px\" \/>\t\t<\/a>\r\n\t\t<a class=\"featured-image-caption hidden-caption\" href=\"#\">\r\n\t\t\t<h6>Il fiore, la piscina<\/h6>\r\n\t\t<\/a>\t\t\t\r\n\t<\/div>\r\n\t<div class=\"hidden\">\t\t\t\t\t\r\n\t\t\t<\/div>\r\n\t<div class=\"block-background\"><\/div>\r\n<\/div><div class=\"column gallery-item threecol last\">\r\n\t<div class=\"featured-image\">\r\n\t\t<a href=\"https:\/\/hotelangelino.it\/new\/wp-content\/uploads\/2014\/02\/lapiscina5.jpg\" class=\"colorbox \" data-group=\"gallery-88\" title=\"\">\r\n\t\t\t<img loading=\"lazy\" decoding=\"async\" width=\"440\" height=\"330\" src=\"https:\/\/hotelangelino.it\/new\/wp-content\/uploads\/2014\/02\/lapiscina5-440x330.jpg\" class=\"attachment-preview size-preview wp-post-image\" alt=\"\" srcset=\"https:\/\/hotelangelino.it\/new\/wp-content\/uploads\/2014\/02\/lapiscina5-440x330.jpg 440w, https:\/\/hotelangelino.it\/new\/wp-content\/uploads\/2014\/02\/lapiscina5-300x225.jpg 300w, https:\/\/hotelangelino.it\/new\/wp-content\/uploads\/2014\/02\/lapiscina5-600x450.jpg 600w, https:\/\/hotelangelino.it\/new\/wp-content\/uploads\/2014\/02\/lapiscina5-768x576.jpg 768w, https:\/\/hotelangelino.it\/new\/wp-content\/uploads\/2014\/02\/lapiscina5.jpg 800w\" sizes=\"auto, (max-width: 440px) 100vw, 440px\" \/>\t\t<\/a>\r\n\t\t<a class=\"featured-image-caption hidden-caption\" href=\"#\">\r\n\t\t\t<h6>La Piscina dall&rsquo;alto<\/h6>\r\n\t\t<\/a>\t\t\t\r\n\t<\/div>\r\n\t<div class=\"hidden\">\t\t\t\t\t\r\n\t\t\t<\/div>\r\n\t<div class=\"block-background\"><\/div>\r\n<\/div><div class=\"clear\"><\/div><div class=\"column gallery-item threecol \">\r\n\t<div class=\"featured-image\">\r\n\t\t<a href=\"https:\/\/hotelangelino.it\/new\/wp-content\/uploads\/2014\/02\/lapiscina4.jpg\" class=\"colorbox \" data-group=\"gallery-82\" title=\"\">\r\n\t\t\t<img loading=\"lazy\" decoding=\"async\" width=\"440\" height=\"330\" src=\"https:\/\/hotelangelino.it\/new\/wp-content\/uploads\/2014\/02\/lapiscina4-440x330.jpg\" class=\"attachment-preview size-preview wp-post-image\" alt=\"\" srcset=\"https:\/\/hotelangelino.it\/new\/wp-content\/uploads\/2014\/02\/lapiscina4-440x330.jpg 440w, https:\/\/hotelangelino.it\/new\/wp-content\/uploads\/2014\/02\/lapiscina4-300x225.jpg 300w, https:\/\/hotelangelino.it\/new\/wp-content\/uploads\/2014\/02\/lapiscina4-600x450.jpg 600w, https:\/\/hotelangelino.it\/new\/wp-content\/uploads\/2014\/02\/lapiscina4-768x576.jpg 768w, https:\/\/hotelangelino.it\/new\/wp-content\/uploads\/2014\/02\/lapiscina4.jpg 960w\" sizes=\"auto, (max-width: 440px) 100vw, 440px\" \/>\t\t<\/a>\r\n\t\t<a class=\"featured-image-caption hidden-caption\" href=\"#\">\r\n\t\t\t<h6>Cascata<\/h6>\r\n\t\t<\/a>\t\t\t\r\n\t<\/div>\r\n\t<div class=\"hidden\">\t\t\t\t\t\r\n\t\t\t\t\t\t<a class=\"colorbox\" href=\"https:\/\/hotelangelino.it\/new\/wp-content\/uploads\/2014\/02\/lapiscina5.jpg\" data-group=\"gallery-82\" title=\"\"><\/a>\r\n\t\t\t\t\t\t\t\t<a class=\"colorbox\" href=\"https:\/\/hotelangelino.it\/new\/wp-content\/uploads\/2014\/02\/lapiscina3.jpg\" data-group=\"gallery-82\" title=\"\"><\/a>\r\n\t\t\t\t\t\t\t\t<a class=\"colorbox\" href=\"https:\/\/hotelangelino.it\/new\/wp-content\/uploads\/2014\/02\/lapiscina2.jpg\" data-group=\"gallery-82\" title=\"\"><\/a>\r\n\t\t\t\t\t\t\t\t<a class=\"colorbox\" href=\"https:\/\/hotelangelino.it\/new\/wp-content\/uploads\/2014\/02\/lapiscina.jpg\" data-group=\"gallery-82\" title=\"\"><\/a>\r\n\t\t\t\t\t<\/div>\r\n\t<div class=\"block-background\"><\/div>\r\n<\/div><\/div>\n<h2>\u00a0L\u2019H\u00f4tel dispose d\u2019une\u00a0 salle \u00e0 manger donnant directement sur la plage et la mer, d\u2019un salon TV avec satellite, d\u2019un bar, d\u2019un restaurant et d\u2019une terrasse jouissant d\u2019une vue spectaculaire.<\/h2>\n<div class=\"items-grid\"><div class=\"column gallery-item threecol \">\r\n\t<div class=\"featured-image\">\r\n\t\t<a href=\"https:\/\/hotelangelino.it\/new\/wp-content\/uploads\/2017\/06\/DSC_0901.jpg\" class=\"colorbox \" data-group=\"gallery-963\" title=\"\">\r\n\t\t\t<img loading=\"lazy\" decoding=\"async\" width=\"440\" height=\"330\" src=\"https:\/\/hotelangelino.it\/new\/wp-content\/uploads\/2017\/06\/DSC_0901-440x330.jpg\" class=\"attachment-preview size-preview wp-post-image\" alt=\"\" \/>\t\t<\/a>\r\n\t\t<a class=\"featured-image-caption hidden-caption\" href=\"#\">\r\n\t\t\t<h6>Le terrazze<\/h6>\r\n\t\t<\/a>\t\t\t\r\n\t<\/div>\r\n\t<div class=\"hidden\">\t\t\t\t\t\r\n\t\t\t<\/div>\r\n\t<div class=\"block-background\"><\/div>\r\n<\/div><div class=\"column gallery-item threecol \">\r\n\t<div class=\"featured-image\">\r\n\t\t<a href=\"https:\/\/hotelangelino.it\/new\/wp-content\/uploads\/2017\/06\/DSC_0866.jpg\" class=\"colorbox \" data-group=\"gallery-959\" title=\"\">\r\n\t\t\t<img loading=\"lazy\" decoding=\"async\" width=\"440\" height=\"330\" src=\"https:\/\/hotelangelino.it\/new\/wp-content\/uploads\/2017\/06\/DSC_0866-440x330.jpg\" class=\"attachment-preview size-preview wp-post-image\" alt=\"\" \/>\t\t<\/a>\r\n\t\t<a class=\"featured-image-caption hidden-caption\" href=\"#\">\r\n\t\t\t<h6>Terrazza<\/h6>\r\n\t\t<\/a>\t\t\t\r\n\t<\/div>\r\n\t<div class=\"hidden\">\t\t\t\t\t\r\n\t\t\t<\/div>\r\n\t<div class=\"block-background\"><\/div>\r\n<\/div><div class=\"column gallery-item threecol \">\r\n\t<div class=\"featured-image\">\r\n\t\t<a href=\"https:\/\/hotelangelino.it\/new\/wp-content\/uploads\/2014\/02\/terrazza_lettini_panorama.jpg\" class=\"colorbox \" data-group=\"gallery-108\" title=\"\">\r\n\t\t\t<img loading=\"lazy\" decoding=\"async\" width=\"440\" height=\"330\" src=\"https:\/\/hotelangelino.it\/new\/wp-content\/uploads\/2014\/02\/terrazza_lettini_panorama-440x330.jpg\" class=\"attachment-preview size-preview wp-post-image\" alt=\"\" srcset=\"https:\/\/hotelangelino.it\/new\/wp-content\/uploads\/2014\/02\/terrazza_lettini_panorama-440x330.jpg 440w, https:\/\/hotelangelino.it\/new\/wp-content\/uploads\/2014\/02\/terrazza_lettini_panorama-300x225.jpg 300w, https:\/\/hotelangelino.it\/new\/wp-content\/uploads\/2014\/02\/terrazza_lettini_panorama-600x450.jpg 600w, https:\/\/hotelangelino.it\/new\/wp-content\/uploads\/2014\/02\/terrazza_lettini_panorama-768x576.jpg 768w, https:\/\/hotelangelino.it\/new\/wp-content\/uploads\/2014\/02\/terrazza_lettini_panorama.jpg 960w\" sizes=\"auto, (max-width: 440px) 100vw, 440px\" \/>\t\t<\/a>\r\n\t\t<a class=\"featured-image-caption hidden-caption\" href=\"#\">\r\n\t\t\t<h6>La Terrazza Panoramica e i Lettini<\/h6>\r\n\t\t<\/a>\t\t\t\r\n\t<\/div>\r\n\t<div class=\"hidden\">\t\t\t\t\t\r\n\t\t\t<\/div>\r\n\t<div class=\"block-background\"><\/div>\r\n<\/div><div class=\"column gallery-item threecol last\">\r\n\t<div class=\"featured-image\">\r\n\t\t<a href=\"https:\/\/hotelangelino.it\/new\/wp-content\/uploads\/2014\/02\/la_terrazza-e-il-panorama.jpg\" class=\"colorbox \" data-group=\"gallery-105\" title=\"\">\r\n\t\t\t<img loading=\"lazy\" decoding=\"async\" width=\"440\" height=\"330\" src=\"https:\/\/hotelangelino.it\/new\/wp-content\/uploads\/2014\/02\/la_terrazza-e-il-panorama-440x330.jpg\" class=\"attachment-preview size-preview wp-post-image\" alt=\"\" srcset=\"https:\/\/hotelangelino.it\/new\/wp-content\/uploads\/2014\/02\/la_terrazza-e-il-panorama-440x330.jpg 440w, https:\/\/hotelangelino.it\/new\/wp-content\/uploads\/2014\/02\/la_terrazza-e-il-panorama-300x225.jpg 300w, https:\/\/hotelangelino.it\/new\/wp-content\/uploads\/2014\/02\/la_terrazza-e-il-panorama-600x450.jpg 600w, https:\/\/hotelangelino.it\/new\/wp-content\/uploads\/2014\/02\/la_terrazza-e-il-panorama-768x576.jpg 768w, https:\/\/hotelangelino.it\/new\/wp-content\/uploads\/2014\/02\/la_terrazza-e-il-panorama.jpg 800w\" sizes=\"auto, (max-width: 440px) 100vw, 440px\" \/>\t\t<\/a>\r\n\t\t<a class=\"featured-image-caption hidden-caption\" href=\"#\">\r\n\t\t\t<h6>La Terrazza Panoramica<\/h6>\r\n\t\t<\/a>\t\t\t\r\n\t<\/div>\r\n\t<div class=\"hidden\">\t\t\t\t\t\r\n\t\t\t\t\t\t<a class=\"colorbox\" href=\"https:\/\/hotelangelino.it\/new\/wp-content\/uploads\/2014\/02\/terrazza_lettini_panorama.jpg\" data-group=\"gallery-105\" title=\"\"><\/a>\r\n\t\t\t\t\t<\/div>\r\n\t<div class=\"block-background\"><\/div>\r\n<\/div><div class=\"clear\"><\/div><div class=\"column gallery-item threecol \">\r\n\t<div class=\"featured-image\">\r\n\t\t<a href=\"https:\/\/hotelangelino.it\/new\/wp-content\/uploads\/2014\/02\/ristorante3.jpg\" class=\"colorbox \" data-group=\"gallery-103\" title=\"\">\r\n\t\t\t<img loading=\"lazy\" decoding=\"async\" width=\"440\" height=\"330\" src=\"https:\/\/hotelangelino.it\/new\/wp-content\/uploads\/2014\/02\/ristorante3-440x330.jpg\" class=\"attachment-preview size-preview wp-post-image\" alt=\"\" srcset=\"https:\/\/hotelangelino.it\/new\/wp-content\/uploads\/2014\/02\/ristorante3-440x330.jpg 440w, https:\/\/hotelangelino.it\/new\/wp-content\/uploads\/2014\/02\/ristorante3-300x225.jpg 300w, https:\/\/hotelangelino.it\/new\/wp-content\/uploads\/2014\/02\/ristorante3-600x450.jpg 600w, https:\/\/hotelangelino.it\/new\/wp-content\/uploads\/2014\/02\/ristorante3-768x576.jpg 768w, https:\/\/hotelangelino.it\/new\/wp-content\/uploads\/2014\/02\/ristorante3.jpg 800w\" sizes=\"auto, (max-width: 440px) 100vw, 440px\" \/>\t\t<\/a>\r\n\t\t<a class=\"featured-image-caption hidden-caption\" href=\"#\">\r\n\t\t\t<h6>Tavolino Panoramico<\/h6>\r\n\t\t<\/a>\t\t\t\r\n\t<\/div>\r\n\t<div class=\"hidden\">\t\t\t\t\t\r\n\t\t\t<\/div>\r\n\t<div class=\"block-background\"><\/div>\r\n<\/div><div class=\"column gallery-item threecol \">\r\n\t<div class=\"featured-image\">\r\n\t\t<a href=\"https:\/\/hotelangelino.it\/new\/wp-content\/uploads\/2014\/02\/ristorante2.jpg\" class=\"colorbox \" data-group=\"gallery-102\" title=\"\">\r\n\t\t\t<img loading=\"lazy\" decoding=\"async\" width=\"440\" height=\"330\" src=\"https:\/\/hotelangelino.it\/new\/wp-content\/uploads\/2014\/02\/ristorante2-440x330.jpg\" class=\"attachment-preview size-preview wp-post-image\" alt=\"\" srcset=\"https:\/\/hotelangelino.it\/new\/wp-content\/uploads\/2014\/02\/ristorante2-440x330.jpg 440w, https:\/\/hotelangelino.it\/new\/wp-content\/uploads\/2014\/02\/ristorante2-300x225.jpg 300w, https:\/\/hotelangelino.it\/new\/wp-content\/uploads\/2014\/02\/ristorante2-600x450.jpg 600w, https:\/\/hotelangelino.it\/new\/wp-content\/uploads\/2014\/02\/ristorante2-768x576.jpg 768w, https:\/\/hotelangelino.it\/new\/wp-content\/uploads\/2014\/02\/ristorante2.jpg 800w\" sizes=\"auto, (max-width: 440px) 100vw, 440px\" \/>\t\t<\/a>\r\n\t\t<a class=\"featured-image-caption hidden-caption\" href=\"#\">\r\n\t\t\t<h6>Divanetti &#8211; Ristorante<\/h6>\r\n\t\t<\/a>\t\t\t\r\n\t<\/div>\r\n\t<div class=\"hidden\">\t\t\t\t\t\r\n\t\t\t<\/div>\r\n\t<div class=\"block-background\"><\/div>\r\n<\/div><div class=\"column gallery-item threecol \">\r\n\t<div class=\"featured-image\">\r\n\t\t<a href=\"https:\/\/hotelangelino.it\/new\/wp-content\/uploads\/2014\/02\/ristorante.jpg\" class=\"colorbox \" data-group=\"gallery-98\" title=\"\">\r\n\t\t\t<img loading=\"lazy\" decoding=\"async\" width=\"440\" height=\"330\" src=\"https:\/\/hotelangelino.it\/new\/wp-content\/uploads\/2014\/02\/ristorante-440x330.jpg\" class=\"attachment-preview size-preview wp-post-image\" alt=\"\" srcset=\"https:\/\/hotelangelino.it\/new\/wp-content\/uploads\/2014\/02\/ristorante-440x330.jpg 440w, https:\/\/hotelangelino.it\/new\/wp-content\/uploads\/2014\/02\/ristorante-300x225.jpg 300w, https:\/\/hotelangelino.it\/new\/wp-content\/uploads\/2014\/02\/ristorante-600x450.jpg 600w, https:\/\/hotelangelino.it\/new\/wp-content\/uploads\/2014\/02\/ristorante-768x576.jpg 768w, https:\/\/hotelangelino.it\/new\/wp-content\/uploads\/2014\/02\/ristorante.jpg 800w\" sizes=\"auto, (max-width: 440px) 100vw, 440px\" \/>\t\t<\/a>\r\n\t\t<a class=\"featured-image-caption hidden-caption\" href=\"#\">\r\n\t\t\t<h6>Il ristorante<\/h6>\r\n\t\t<\/a>\t\t\t\r\n\t<\/div>\r\n\t<div class=\"hidden\">\t\t\t\t\t\r\n\t\t\t\t\t\t<a class=\"colorbox\" href=\"https:\/\/hotelangelino.it\/new\/wp-content\/uploads\/2014\/02\/ristorante3.jpg\" data-group=\"gallery-98\" title=\"\"><\/a>\r\n\t\t\t\t\t\t\t\t<a class=\"colorbox\" href=\"https:\/\/hotelangelino.it\/new\/wp-content\/uploads\/2014\/02\/ristorante2.jpg\" data-group=\"gallery-98\" title=\"\"><\/a>\r\n\t\t\t\t\t<\/div>\r\n\t<div class=\"block-background\"><\/div>\r\n<\/div><div class=\"column gallery-item threecol last\">\r\n\t<div class=\"featured-image\">\r\n\t\t<a href=\"https:\/\/hotelangelino.it\/new\/wp-content\/uploads\/2014\/02\/salapranzo.jpg\" class=\"colorbox \" data-group=\"gallery-94\" title=\"\">\r\n\t\t\t<img loading=\"lazy\" decoding=\"async\" width=\"440\" height=\"330\" src=\"https:\/\/hotelangelino.it\/new\/wp-content\/uploads\/2014\/02\/salapranzo-440x330.jpg\" class=\"attachment-preview size-preview wp-post-image\" alt=\"\" srcset=\"https:\/\/hotelangelino.it\/new\/wp-content\/uploads\/2014\/02\/salapranzo-440x330.jpg 440w, https:\/\/hotelangelino.it\/new\/wp-content\/uploads\/2014\/02\/salapranzo-300x225.jpg 300w, https:\/\/hotelangelino.it\/new\/wp-content\/uploads\/2014\/02\/salapranzo-600x450.jpg 600w, https:\/\/hotelangelino.it\/new\/wp-content\/uploads\/2014\/02\/salapranzo-768x576.jpg 768w, https:\/\/hotelangelino.it\/new\/wp-content\/uploads\/2014\/02\/salapranzo.jpg 808w\" sizes=\"auto, (max-width: 440px) 100vw, 440px\" \/>\t\t<\/a>\r\n\t\t<a class=\"featured-image-caption hidden-caption\" href=\"#\">\r\n\t\t\t<h6>Sala<\/h6>\r\n\t\t<\/a>\t\t\t\r\n\t<\/div>\r\n\t<div class=\"hidden\">\t\t\t\t\t\r\n\t\t\t\t\t\t<a class=\"colorbox\" href=\"https:\/\/hotelangelino.it\/new\/wp-content\/uploads\/2014\/02\/scala.jpg\" data-group=\"gallery-94\" title=\"\"><\/a>\r\n\t\t\t\t\t\t\t\t<a class=\"colorbox\" href=\"https:\/\/hotelangelino.it\/new\/wp-content\/uploads\/2014\/02\/terrazza1.jpg\" data-group=\"gallery-94\" title=\"\"><\/a>\r\n\t\t\t\t\t<\/div>\r\n\t<div class=\"block-background\"><\/div>\r\n<\/div><div class=\"clear\"><\/div><\/div>\n<h2><\/h2>\n<h2>De l\u2019h\u00f4tel il est \u00e9galement possible de r\u00e9server des d\u2019excursions, ballades, trekking, location de Zodiacs, tour de l\u2019Ile en bateau etc. (Services payants en suppl\u00e9ment)<\/h2>\n<p><\/p>\n<p><span style=\"line-height: 1.5em;\"><div class=\"items-grid\"><div class=\"column gallery-item threecol \">\r\n\t<div class=\"featured-image\">\r\n\t\t<a href=\"https:\/\/hotelangelino.it\/new\/wp-content\/uploads\/2014\/02\/lapiscina.jpg\" class=\"colorbox \" data-group=\"gallery-91\" title=\"\">\r\n\t\t\t<img loading=\"lazy\" decoding=\"async\" width=\"440\" height=\"330\" src=\"https:\/\/hotelangelino.it\/new\/wp-content\/uploads\/2014\/02\/lapiscina-440x330.jpg\" class=\"attachment-preview size-preview wp-post-image\" alt=\"\" srcset=\"https:\/\/hotelangelino.it\/new\/wp-content\/uploads\/2014\/02\/lapiscina-440x330.jpg 440w, https:\/\/hotelangelino.it\/new\/wp-content\/uploads\/2014\/02\/lapiscina-300x225.jpg 300w, https:\/\/hotelangelino.it\/new\/wp-content\/uploads\/2014\/02\/lapiscina-600x450.jpg 600w, https:\/\/hotelangelino.it\/new\/wp-content\/uploads\/2014\/02\/lapiscina-768x576.jpg 768w, https:\/\/hotelangelino.it\/new\/wp-content\/uploads\/2014\/02\/lapiscina.jpg 960w\" sizes=\"auto, (max-width: 440px) 100vw, 440px\" \/>\t\t<\/a>\r\n\t\t<a class=\"featured-image-caption hidden-caption\" href=\"#\">\r\n\t\t\t<h6>La piscina<\/h6>\r\n\t\t<\/a>\t\t\t\r\n\t<\/div>\r\n\t<div class=\"hidden\">\t\t\t\t\t\r\n\t\t\t<\/div>\r\n\t<div class=\"block-background\"><\/div>\r\n<\/div><div class=\"column gallery-item threecol \">\r\n\t<div class=\"featured-image\">\r\n\t\t<a href=\"https:\/\/hotelangelino.it\/new\/wp-content\/uploads\/2014\/02\/lapiscina2.jpg\" class=\"colorbox \" data-group=\"gallery-90\" title=\"\">\r\n\t\t\t<img loading=\"lazy\" decoding=\"async\" width=\"440\" height=\"330\" src=\"https:\/\/hotelangelino.it\/new\/wp-content\/uploads\/2014\/02\/lapiscina2-440x330.jpg\" class=\"attachment-preview size-preview wp-post-image\" alt=\"\" srcset=\"https:\/\/hotelangelino.it\/new\/wp-content\/uploads\/2014\/02\/lapiscina2-440x330.jpg 440w, https:\/\/hotelangelino.it\/new\/wp-content\/uploads\/2014\/02\/lapiscina2-300x225.jpg 300w, https:\/\/hotelangelino.it\/new\/wp-content\/uploads\/2014\/02\/lapiscina2-600x450.jpg 600w, https:\/\/hotelangelino.it\/new\/wp-content\/uploads\/2014\/02\/lapiscina2-768x576.jpg 768w, https:\/\/hotelangelino.it\/new\/wp-content\/uploads\/2014\/02\/lapiscina2.jpg 960w\" sizes=\"auto, (max-width: 440px) 100vw, 440px\" \/>\t\t<\/a>\r\n\t\t<a class=\"featured-image-caption hidden-caption\" href=\"#\">\r\n\t\t\t<h6>A filo d&rsquo;acqua<\/h6>\r\n\t\t<\/a>\t\t\t\r\n\t<\/div>\r\n\t<div class=\"hidden\">\t\t\t\t\t\r\n\t\t\t<\/div>\r\n\t<div class=\"block-background\"><\/div>\r\n<\/div><div class=\"column gallery-item threecol \">\r\n\t<div class=\"featured-image\">\r\n\t\t<a href=\"https:\/\/hotelangelino.it\/new\/wp-content\/uploads\/2014\/02\/lapiscina3.jpg\" class=\"colorbox \" data-group=\"gallery-89\" title=\"\">\r\n\t\t\t<img loading=\"lazy\" decoding=\"async\" width=\"440\" height=\"330\" src=\"https:\/\/hotelangelino.it\/new\/wp-content\/uploads\/2014\/02\/lapiscina3-440x330.jpg\" class=\"attachment-preview size-preview wp-post-image\" alt=\"\" srcset=\"https:\/\/hotelangelino.it\/new\/wp-content\/uploads\/2014\/02\/lapiscina3-440x330.jpg 440w, https:\/\/hotelangelino.it\/new\/wp-content\/uploads\/2014\/02\/lapiscina3-300x225.jpg 300w, https:\/\/hotelangelino.it\/new\/wp-content\/uploads\/2014\/02\/lapiscina3-600x450.jpg 600w, https:\/\/hotelangelino.it\/new\/wp-content\/uploads\/2014\/02\/lapiscina3-768x576.jpg 768w, https:\/\/hotelangelino.it\/new\/wp-content\/uploads\/2014\/02\/lapiscina3.jpg 800w\" sizes=\"auto, (max-width: 440px) 100vw, 440px\" \/>\t\t<\/a>\r\n\t\t<a class=\"featured-image-caption hidden-caption\" href=\"#\">\r\n\t\t\t<h6>Il fiore, la piscina<\/h6>\r\n\t\t<\/a>\t\t\t\r\n\t<\/div>\r\n\t<div class=\"hidden\">\t\t\t\t\t\r\n\t\t\t<\/div>\r\n\t<div class=\"block-background\"><\/div>\r\n<\/div><div class=\"column gallery-item threecol last\">\r\n\t<div class=\"featured-image\">\r\n\t\t<a href=\"https:\/\/hotelangelino.it\/new\/wp-content\/uploads\/2014\/02\/lapiscina5.jpg\" class=\"colorbox \" data-group=\"gallery-88\" title=\"\">\r\n\t\t\t<img loading=\"lazy\" decoding=\"async\" width=\"440\" height=\"330\" src=\"https:\/\/hotelangelino.it\/new\/wp-content\/uploads\/2014\/02\/lapiscina5-440x330.jpg\" class=\"attachment-preview size-preview wp-post-image\" alt=\"\" srcset=\"https:\/\/hotelangelino.it\/new\/wp-content\/uploads\/2014\/02\/lapiscina5-440x330.jpg 440w, https:\/\/hotelangelino.it\/new\/wp-content\/uploads\/2014\/02\/lapiscina5-300x225.jpg 300w, https:\/\/hotelangelino.it\/new\/wp-content\/uploads\/2014\/02\/lapiscina5-600x450.jpg 600w, https:\/\/hotelangelino.it\/new\/wp-content\/uploads\/2014\/02\/lapiscina5-768x576.jpg 768w, https:\/\/hotelangelino.it\/new\/wp-content\/uploads\/2014\/02\/lapiscina5.jpg 800w\" sizes=\"auto, (max-width: 440px) 100vw, 440px\" \/>\t\t<\/a>\r\n\t\t<a class=\"featured-image-caption hidden-caption\" href=\"#\">\r\n\t\t\t<h6>La Piscina dall&rsquo;alto<\/h6>\r\n\t\t<\/a>\t\t\t\r\n\t<\/div>\r\n\t<div class=\"hidden\">\t\t\t\t\t\r\n\t\t\t<\/div>\r\n\t<div class=\"block-background\"><\/div>\r\n<\/div><div class=\"clear\"><\/div><div class=\"column gallery-item threecol \">\r\n\t<div class=\"featured-image\">\r\n\t\t<a href=\"https:\/\/hotelangelino.it\/new\/wp-content\/uploads\/2014\/02\/lapiscina4.jpg\" class=\"colorbox \" data-group=\"gallery-82\" title=\"\">\r\n\t\t\t<img loading=\"lazy\" decoding=\"async\" width=\"440\" height=\"330\" src=\"https:\/\/hotelangelino.it\/new\/wp-content\/uploads\/2014\/02\/lapiscina4-440x330.jpg\" class=\"attachment-preview size-preview wp-post-image\" alt=\"\" srcset=\"https:\/\/hotelangelino.it\/new\/wp-content\/uploads\/2014\/02\/lapiscina4-440x330.jpg 440w, https:\/\/hotelangelino.it\/new\/wp-content\/uploads\/2014\/02\/lapiscina4-300x225.jpg 300w, https:\/\/hotelangelino.it\/new\/wp-content\/uploads\/2014\/02\/lapiscina4-600x450.jpg 600w, https:\/\/hotelangelino.it\/new\/wp-content\/uploads\/2014\/02\/lapiscina4-768x576.jpg 768w, https:\/\/hotelangelino.it\/new\/wp-content\/uploads\/2014\/02\/lapiscina4.jpg 960w\" sizes=\"auto, (max-width: 440px) 100vw, 440px\" \/>\t\t<\/a>\r\n\t\t<a class=\"featured-image-caption hidden-caption\" href=\"#\">\r\n\t\t\t<h6>Cascata<\/h6>\r\n\t\t<\/a>\t\t\t\r\n\t<\/div>\r\n\t<div class=\"hidden\">\t\t\t\t\t\r\n\t\t\t\t\t\t<a class=\"colorbox\" href=\"https:\/\/hotelangelino.it\/new\/wp-content\/uploads\/2014\/02\/lapiscina5.jpg\" data-group=\"gallery-82\" title=\"\"><\/a>\r\n\t\t\t\t\t\t\t\t<a class=\"colorbox\" href=\"https:\/\/hotelangelino.it\/new\/wp-content\/uploads\/2014\/02\/lapiscina3.jpg\" data-group=\"gallery-82\" title=\"\"><\/a>\r\n\t\t\t\t\t\t\t\t<a class=\"colorbox\" href=\"https:\/\/hotelangelino.it\/new\/wp-content\/uploads\/2014\/02\/lapiscina2.jpg\" data-group=\"gallery-82\" title=\"\"><\/a>\r\n\t\t\t\t\t\t\t\t<a class=\"colorbox\" href=\"https:\/\/hotelangelino.it\/new\/wp-content\/uploads\/2014\/02\/lapiscina.jpg\" data-group=\"gallery-82\" title=\"\"><\/a>\r\n\t\t\t\t\t<\/div>\r\n\t<div class=\"block-background\"><\/div>\r\n<\/div><\/div><\/span><\/p>","protected":false},"excerpt":{"rendered":"<p>L\u2019H\u00f4tel Angelino met \u00e0 la disposition de ses clients et \u00e0 quelques pas, une piscine d\u2019eau thermale ainsi qu\u2019un sauna naturel. En outre, les transats et les parasols autour de la piscine sont inclus dans le prix. \u00a0L\u2019H\u00f4tel dispose d\u2019une\u00a0 salle \u00e0 manger donnant directement sur la plage et la mer, d\u2019un salon TV avec [&hellip;]<\/p>\n","protected":false},"author":2,"featured_media":0,"parent":0,"menu_order":0,"comment_status":"open","ping_status":"closed","template":"template-left.php","meta":{"footnotes":""},"class_list":["post-10","page","type-page","status-publish","hentry"],"_links":{"self":[{"href":"https:\/\/hotelangelino.it\/fr\/wp-json\/wp\/v2\/pages\/10","targetHints":{"allow":["GET"]}}],"collection":[{"href":"https:\/\/hotelangelino.it\/fr\/wp-json\/wp\/v2\/pages"}],"about":[{"href":"https:\/\/hotelangelino.it\/fr\/wp-json\/wp\/v2\/types\/page"}],"author":[{"embeddable":true,"href":"https:\/\/hotelangelino.it\/fr\/wp-json\/wp\/v2\/users\/2"}],"replies":[{"embeddable":true,"href":"https:\/\/hotelangelino.it\/fr\/wp-json\/wp\/v2\/comments?post=10"}],"version-history":[{"count":18,"href":"https:\/\/hotelangelino.it\/fr\/wp-json\/wp\/v2\/pages\/10\/revisions"}],"predecessor-version":[{"id":855,"href":"https:\/\/hotelangelino.it\/fr\/wp-json\/wp\/v2\/pages\/10\/revisions\/855"}],"wp:attachment":[{"href":"https:\/\/hotelangelino.it\/fr\/wp-json\/wp\/v2\/media?parent=10"}],"curies":[{"name":"wp","href":"https:\/\/api.w.org\/{rel}","templated":true}]}}