{"id":2,"date":"2014-02-17T17:27:45","date_gmt":"2014-02-17T16:27:45","guid":{"rendered":"http:\/\/hotelangelino.it\/new\/?page_id=2"},"modified":"2017-01-25T16:09:56","modified_gmt":"2017-01-25T15:09:56","slug":"pagina-di-esempio","status":"publish","type":"page","link":"https:\/\/hotelangelino.it\/fr\/","title":{"rendered":"Hotel"},"content":{"rendered":"<p><\/p>\n<h2>Merci de votre int\u00e9r\u00eat pour l\u2019H\u00f4tel Angelino,<\/h2>\n<p>Angelino est situ\u00e9 sur la partie la plus m\u00e9ridionale et la plus chaude de l\u2019\u00eele, approximativement \u00e0 25 km de Naples et de Capri, au milieu de la plage des Maronti, la plus longe et la plus belle des plages de l\u2019ile d\u2019Ischia.<br \/>\nBienvenus chez Angelino pour vous relaxer dans un environnement sympathique et confortable.<\/p>\n<div class=\"items-grid\"><div class=\"column gallery-item fourcol \">\r\n\t<div class=\"featured-image\">\r\n\t\t<a href=\"https:\/\/hotelangelino.it\/new\/wp-content\/uploads\/2014\/02\/lapiazzadeimaronti.jpg\" class=\"colorbox \" data-group=\"gallery-63\" title=\"\">\r\n\t\t\t<img loading=\"lazy\" decoding=\"async\" width=\"440\" height=\"330\" src=\"https:\/\/hotelangelino.it\/new\/wp-content\/uploads\/2014\/02\/lapiazzadeimaronti-440x330.jpg\" class=\"attachment-preview size-preview wp-post-image\" alt=\"\" srcset=\"https:\/\/hotelangelino.it\/new\/wp-content\/uploads\/2014\/02\/lapiazzadeimaronti-440x330.jpg 440w, https:\/\/hotelangelino.it\/new\/wp-content\/uploads\/2014\/02\/lapiazzadeimaronti-300x225.jpg 300w, https:\/\/hotelangelino.it\/new\/wp-content\/uploads\/2014\/02\/lapiazzadeimaronti-600x450.jpg 600w, https:\/\/hotelangelino.it\/new\/wp-content\/uploads\/2014\/02\/lapiazzadeimaronti-768x576.jpg 768w, https:\/\/hotelangelino.it\/new\/wp-content\/uploads\/2014\/02\/lapiazzadeimaronti.jpg 800w\" sizes=\"auto, (max-width: 440px) 100vw, 440px\" \/>\t\t<\/a>\r\n\t\t<a class=\"featured-image-caption hidden-caption\" href=\"#\">\r\n\t\t\t<h6>La Piazza dei Maronti<\/h6>\r\n\t\t<\/a>\t\t\t\r\n\t<\/div>\r\n\t<div class=\"hidden\">\t\t\t\t\t\r\n\t\t\t\t\t\t<a class=\"colorbox\" href=\"https:\/\/hotelangelino.it\/new\/wp-content\/uploads\/2014\/02\/La_Spiaggia_dei_maronti_vista_dallalto.jpg\" data-group=\"gallery-63\" title=\"\"><\/a>\r\n\t\t\t\t\t<\/div>\r\n\t<div class=\"block-background\"><\/div>\r\n<\/div><div class=\"column gallery-item fourcol \">\r\n\t<div class=\"featured-image\">\r\n\t\t<a href=\"https:\/\/hotelangelino.it\/new\/wp-content\/uploads\/2017\/06\/DSC_0914.jpg\" class=\"colorbox \" data-group=\"gallery-964\" title=\"\">\r\n\t\t\t<img loading=\"lazy\" decoding=\"async\" width=\"440\" height=\"330\" src=\"https:\/\/hotelangelino.it\/new\/wp-content\/uploads\/2017\/06\/DSC_0914-440x330.jpg\" class=\"attachment-preview size-preview wp-post-image\" alt=\"\" \/>\t\t<\/a>\r\n\t\t<a class=\"featured-image-caption hidden-caption\" href=\"#\">\r\n\t\t\t<h6>Boutique<\/h6>\r\n\t\t<\/a>\t\t\t\r\n\t<\/div>\r\n\t<div class=\"hidden\">\t\t\t\t\t\r\n\t\t\t<\/div>\r\n\t<div class=\"block-background\"><\/div>\r\n<\/div><div class=\"column gallery-item fourcol last\">\r\n\t<div class=\"featured-image\">\r\n\t\t<a href=\"https:\/\/hotelangelino.it\/new\/wp-content\/uploads\/2017\/06\/DSC_0885.jpg\" class=\"colorbox \" data-group=\"gallery-961\" title=\"\">\r\n\t\t\t<img loading=\"lazy\" decoding=\"async\" width=\"440\" height=\"330\" src=\"https:\/\/hotelangelino.it\/new\/wp-content\/uploads\/2017\/06\/DSC_0885-440x330.jpg\" class=\"attachment-preview size-preview wp-post-image\" alt=\"\" \/>\t\t<\/a>\r\n\t\t<a class=\"featured-image-caption hidden-caption\" href=\"#\">\r\n\t\t\t<h6>Hotel Angelino<\/h6>\r\n\t\t<\/a>\t\t\t\r\n\t<\/div>\r\n\t<div class=\"hidden\">\t\t\t\t\t\r\n\t\t\t<\/div>\r\n\t<div class=\"block-background\"><\/div>\r\n<\/div><div class=\"clear\"><\/div><div class=\"column gallery-item fourcol \">\r\n\t<div class=\"featured-image\">\r\n\t\t<a href=\"https:\/\/hotelangelino.it\/new\/wp-content\/uploads\/2017\/06\/DSC_0863.jpg\" class=\"colorbox \" data-group=\"gallery-958\" title=\"\">\r\n\t\t\t<img loading=\"lazy\" decoding=\"async\" width=\"440\" height=\"330\" src=\"https:\/\/hotelangelino.it\/new\/wp-content\/uploads\/2017\/06\/DSC_0863-440x330.jpg\" class=\"attachment-preview size-preview wp-post-image\" alt=\"\" \/>\t\t<\/a>\r\n\t\t<a class=\"featured-image-caption hidden-caption\" href=\"#\">\r\n\t\t\t<h6>Reception<\/h6>\r\n\t\t<\/a>\t\t\t\r\n\t<\/div>\r\n\t<div class=\"hidden\">\t\t\t\t\t\r\n\t\t\t<\/div>\r\n\t<div class=\"block-background\"><\/div>\r\n<\/div><div class=\"column gallery-item fourcol \">\r\n\t<div class=\"featured-image\">\r\n\t\t<a href=\"https:\/\/hotelangelino.it\/new\/wp-content\/uploads\/2017\/06\/DSC_0862.jpg\" class=\"colorbox \" data-group=\"gallery-945\" title=\"\">\r\n\t\t\t<img loading=\"lazy\" decoding=\"async\" width=\"440\" height=\"330\" src=\"https:\/\/hotelangelino.it\/new\/wp-content\/uploads\/2017\/06\/DSC_0862-440x330.jpg\" class=\"attachment-preview size-preview wp-post-image\" alt=\"\" \/>\t\t<\/a>\r\n\t\t<a class=\"featured-image-caption hidden-caption\" href=\"#\">\r\n\t\t\t<h6>Reception<\/h6>\r\n\t\t<\/a>\t\t\t\r\n\t<\/div>\r\n\t<div class=\"hidden\">\t\t\t\t\t\r\n\t\t\t\t\t\t<a class=\"colorbox\" href=\"https:\/\/hotelangelino.it\/new\/wp-content\/uploads\/2017\/06\/DSC_0863.jpg\" data-group=\"gallery-945\" title=\"\"><\/a>\r\n\t\t\t\t\t\t\t\t<a class=\"colorbox\" href=\"https:\/\/hotelangelino.it\/new\/wp-content\/uploads\/2017\/06\/DSC_0866.jpg\" data-group=\"gallery-945\" title=\"\"><\/a>\r\n\t\t\t\t\t\t\t\t<a class=\"colorbox\" href=\"https:\/\/hotelangelino.it\/new\/wp-content\/uploads\/2017\/06\/DSC_0870.jpg\" data-group=\"gallery-945\" title=\"\"><\/a>\r\n\t\t\t\t\t\t\t\t<a class=\"colorbox\" href=\"https:\/\/hotelangelino.it\/new\/wp-content\/uploads\/2017\/06\/DSC_0885.jpg\" data-group=\"gallery-945\" title=\"\"><\/a>\r\n\t\t\t\t\t\t\t\t<a class=\"colorbox\" href=\"https:\/\/hotelangelino.it\/new\/wp-content\/uploads\/2017\/06\/DSC_0886.jpg\" data-group=\"gallery-945\" title=\"\"><\/a>\r\n\t\t\t\t\t\t\t\t<a class=\"colorbox\" href=\"https:\/\/hotelangelino.it\/new\/wp-content\/uploads\/2017\/06\/DSC_0887.jpg\" data-group=\"gallery-945\" title=\"\"><\/a>\r\n\t\t\t\t\t\t\t\t<a class=\"colorbox\" href=\"https:\/\/hotelangelino.it\/new\/wp-content\/uploads\/2017\/06\/DSC_0888.jpg\" data-group=\"gallery-945\" title=\"\"><\/a>\r\n\t\t\t\t\t\t\t\t<a class=\"colorbox\" href=\"https:\/\/hotelangelino.it\/new\/wp-content\/uploads\/2017\/06\/DSC_0901.jpg\" data-group=\"gallery-945\" title=\"\"><\/a>\r\n\t\t\t\t\t\t\t\t<a class=\"colorbox\" href=\"https:\/\/hotelangelino.it\/new\/wp-content\/uploads\/2017\/06\/DSC_0913.jpg\" data-group=\"gallery-945\" title=\"\"><\/a>\r\n\t\t\t\t\t\t\t\t<a class=\"colorbox\" href=\"https:\/\/hotelangelino.it\/new\/wp-content\/uploads\/2017\/06\/DSC_0914.jpg\" data-group=\"gallery-945\" title=\"\"><\/a>\r\n\t\t\t\t\t<\/div>\r\n\t<div class=\"block-background\"><\/div>\r\n<\/div><div class=\"column gallery-item fourcol last\">\r\n\t<div class=\"featured-image\">\r\n\t\t<a href=\"https:\/\/hotelangelino.it\/new\/wp-content\/uploads\/2014\/02\/La_Spiaggia_dei_maronti_vista_dallalto.jpg\" class=\"colorbox \" data-group=\"gallery-66\" title=\"\">\r\n\t\t\t<img loading=\"lazy\" decoding=\"async\" width=\"440\" height=\"330\" src=\"https:\/\/hotelangelino.it\/new\/wp-content\/uploads\/2014\/02\/La_Spiaggia_dei_maronti_vista_dallalto-440x330.jpg\" class=\"attachment-preview size-preview wp-post-image\" alt=\"\" srcset=\"https:\/\/hotelangelino.it\/new\/wp-content\/uploads\/2014\/02\/La_Spiaggia_dei_maronti_vista_dallalto-440x330.jpg 440w, https:\/\/hotelangelino.it\/new\/wp-content\/uploads\/2014\/02\/La_Spiaggia_dei_maronti_vista_dallalto-300x225.jpg 300w, https:\/\/hotelangelino.it\/new\/wp-content\/uploads\/2014\/02\/La_Spiaggia_dei_maronti_vista_dallalto-600x450.jpg 600w, https:\/\/hotelangelino.it\/new\/wp-content\/uploads\/2014\/02\/La_Spiaggia_dei_maronti_vista_dallalto-768x576.jpg 768w, https:\/\/hotelangelino.it\/new\/wp-content\/uploads\/2014\/02\/La_Spiaggia_dei_maronti_vista_dallalto.jpg 800w\" sizes=\"auto, (max-width: 440px) 100vw, 440px\" \/>\t\t<\/a>\r\n\t\t<a class=\"featured-image-caption hidden-caption\" href=\"#\">\r\n\t\t\t<h6>La spiaggia dei Maronti dall&rsquo;alto<\/h6>\r\n\t\t<\/a>\t\t\t\r\n\t<\/div>\r\n\t<div class=\"hidden\">\t\t\t\t\t\r\n\t\t\t<\/div>\r\n\t<div class=\"block-background\"><\/div>\r\n<\/div><div class=\"clear\"><\/div><\/div><\/p>","protected":false},"excerpt":{"rendered":"<p>Merci de votre int\u00e9r\u00eat pour l\u2019H\u00f4tel Angelino, Angelino est situ\u00e9 sur la partie la plus m\u00e9ridionale et la plus chaude de l\u2019\u00eele, approximativement \u00e0 25 km de Naples et de Capri, au milieu de la plage des Maronti, la plus longe et la plus belle des plages de l\u2019ile d\u2019Ischia. Bienvenus chez Angelino pour vous [&hellip;]<\/p>\n","protected":false},"author":2,"featured_media":0,"parent":0,"menu_order":0,"comment_status":"open","ping_status":"closed","template":"template-left.php","meta":{"footnotes":""},"class_list":["post-2","page","type-page","status-publish","hentry"],"_links":{"self":[{"href":"https:\/\/hotelangelino.it\/fr\/wp-json\/wp\/v2\/pages\/2","targetHints":{"allow":["GET"]}}],"collection":[{"href":"https:\/\/hotelangelino.it\/fr\/wp-json\/wp\/v2\/pages"}],"about":[{"href":"https:\/\/hotelangelino.it\/fr\/wp-json\/wp\/v2\/types\/page"}],"author":[{"embeddable":true,"href":"https:\/\/hotelangelino.it\/fr\/wp-json\/wp\/v2\/users\/2"}],"replies":[{"embeddable":true,"href":"https:\/\/hotelangelino.it\/fr\/wp-json\/wp\/v2\/comments?post=2"}],"version-history":[{"count":18,"href":"https:\/\/hotelangelino.it\/fr\/wp-json\/wp\/v2\/pages\/2\/revisions"}],"predecessor-version":[{"id":867,"href":"https:\/\/hotelangelino.it\/fr\/wp-json\/wp\/v2\/pages\/2\/revisions\/867"}],"wp:attachment":[{"href":"https:\/\/hotelangelino.it\/fr\/wp-json\/wp\/v2\/media?parent=2"}],"curies":[{"name":"wp","href":"https:\/\/api.w.org\/{rel}","templated":true}]}}